{"id":28,"date":"2026-02-11T10:49:48","date_gmt":"2026-02-11T09:49:48","guid":{"rendered":"https:\/\/informatek.fr\/?page_id=28"},"modified":"2026-02-17T11:56:20","modified_gmt":"2026-02-17T10:56:20","slug":"a-propos","status":"publish","type":"page","link":"https:\/\/informatek.fr\/index.php\/a-propos\/","title":{"rendered":"Notre soci\u00e9t\u00e9"},"content":{"rendered":"\n<div class=\"wp-block-columns is-layout-flex wp-container-core-columns-is-layout-28f84493 wp-block-columns-is-layout-flex\">\n<div class=\"wp-block-column is-layout-flow wp-block-column-is-layout-flow\">\n<blockquote class=\"wp-block-quote is-layout-flow wp-block-quote-is-layout-flow\">\n<p class=\"has-content-heading-font-size\">Construisons ensemble votre performance num\u00e9rique<\/p>\n<\/blockquote>\n\n\n\n<figure class=\"wp-block-image aligncenter size-large is-resized has-custom-border\"><img fetchpriority=\"high\" decoding=\"async\" width=\"1024\" height=\"683\" src=\"http:\/\/informatek.fr\/wp-content\/uploads\/2026\/02\/ChatGPT-Image-17-fevr.-2026-11_07_05-1024x683.png\" alt=\"\" class=\"wp-image-190\" style=\"border-top-left-radius:18px;border-top-right-radius:18px;border-bottom-left-radius:18px;border-bottom-right-radius:18px;aspect-ratio:1.4993044349229314;width:661px;height:auto\"\/><\/figure>\n\n\n\n<h2 class=\"wp-block-heading\">Informatek \u2013 L\u2019expertise technologique au service des entreprises<\/h2>\n\n\n\n<p>Depuis sa cr\u00e9ation, <strong>Informatek<\/strong> met son savoir-faire au service des TPE, PME et ETI afin de simplifier, s\u00e9curiser et optimiser leur environnement informatique et documentaire.<br>Dans un contexte o\u00f9 les entreprises fonctionnent de mani\u00e8re hybride \u2014 entre infrastructures locales, cloud, outils collaboratifs, documents papier et d\u00e9mat\u00e9rialis\u00e9s \u2014 nous les accompagnons pour structurer, moderniser et fluidifier leur syst\u00e8me d\u2019information.<\/p>\n\n\n\n<div class=\"wp-block-group about-us-section has-accent-background-color has-background is-layout-constrained wp-container-core-group-is-layout-832e9e21 wp-block-group-is-layout-constrained\" style=\"border-style:none;border-width:0px;border-top-left-radius:15px;border-top-right-radius:15px;border-bottom-left-radius:15px;border-bottom-right-radius:15px;min-height:0px;padding-right:0;padding-left:0;background-image:url(&apos;https:\/\/informatek.fr\/wp-content\/uploads\/2026\/02\/dotted-arrow-dark-2.webp&apos;);background-size:cover;\">\n<h3 class=\"wp-block-heading has-text-align-center has-background-color has-text-color has-link-color wp-elements-281a8dbfc9ef1418a84c1be538e76984\">&#8211; Une vision tourn\u00e9e vers l\u2019\u00e9volution num\u00e9rique &#8211;<\/h3>\n\n\n\n<p class=\"has-background-color has-text-color has-link-color wp-elements-52b1d3f5990b7f4b54d39dc27ab59e2c\">L\u2019\u00e9volution constante des usages num\u00e9riques, le d\u00e9veloppement du t\u00e9l\u00e9travail, les enjeux de cybers\u00e9curit\u00e9 et la transformation digitale imposent aux entreprises d\u2019adopter des solutions fiables, \u00e9volutives et s\u00e9curis\u00e9es.<br><br>Informatek anticipe ces enjeux en proposant :<\/p>\n\n\n\n<ul class=\"wp-block-list\">\n<li class=\"has-background-color has-text-color has-link-color wp-elements-ec9f03bcd756180927cf5d5dda217283\">Des solutions informatiques performantes<\/li>\n\n\n\n<li class=\"has-background-color has-text-color has-link-color wp-elements-41e49a145b57abeeec4674a62f0a4972\">Des syst\u00e8mes de t\u00e9l\u00e9phonie IP modernes<\/li>\n\n\n\n<li class=\"has-background-color has-text-color has-link-color wp-elements-34ce9399ce1c949c7b344650032cfe26\">Des infrastructures s\u00e9curis\u00e9es<\/li>\n\n\n\n<li class=\"has-background-color has-text-color has-link-color wp-elements-30b87dcbe2a3841050b88241e8dde95d\">Des outils de GED et de d\u00e9mat\u00e9rialisation<\/li>\n\n\n\n<li class=\"has-background-color has-text-color has-link-color wp-elements-ea5717311a92b05ec4eb71e2f7ecda65\">Des solutions d\u2019impression professionnelles optimis\u00e9es<\/li>\n<\/ul>\n\n\n\n<p class=\"has-background-color has-text-color has-link-color wp-elements-7b536047852c6faa7c824f1df0d52639\">Notre capacit\u00e9 \u00e0 int\u00e9grer ces expertises compl\u00e9mentaires nous permet d\u2019offrir une approche globale et coh\u00e9rente.<\/p>\n\n\n\n<div class=\"wp-block-group is-layout-constrained wp-block-group-is-layout-constrained\">\n<p class=\"has-text-align-center\"><\/p>\n<\/div>\n\n\n\n<div class=\"wp-block-columns is-layout-flex wp-container-core-columns-is-layout-28f84493 wp-block-columns-is-layout-flex\">\n<div class=\"wp-block-column has-background-color has-text-color has-link-color wp-elements-2f8788167fba077344ec73b29519829e is-layout-flow wp-container-core-column-is-layout-d1f7f007 wp-block-column-is-layout-flow\" style=\"border-width:2px;border-top-left-radius:23px;border-top-right-radius:23px;border-bottom-left-radius:23px;border-bottom-right-radius:23px;padding-top:var(--wp--preset--spacing--40);padding-right:var(--wp--preset--spacing--30);padding-bottom:var(--wp--preset--spacing--40);padding-left:var(--wp--preset--spacing--30)\">\n<h2 class=\"wp-block-heading has-text-align-center\">Nos objectifs \u00e0 vos c\u00f4t\u00e9s<\/h2>\n\n\n\n<p>Notre mission est claire :<\/p>\n\n\n\n<p><\/p>\n\n\n\n<ul class=\"wp-block-list\">\n<li>R\u00e9duire vos co\u00fbts d\u2019exploitation<\/li>\n\n\n\n<li>Am\u00e9liorer votre productivit\u00e9<\/li>\n\n\n\n<li>S\u00e9curiser vos donn\u00e9es<\/li>\n\n\n\n<li>Int\u00e9grer mobilit\u00e9 et flexibilit\u00e9 dans votre organisation<\/li>\n<\/ul>\n\n\n\n<p>Nous concevons des solutions qui s\u2019adaptent \u00e0 votre structure et \u00e9voluent avec votre croissance.<\/p>\n<\/div>\n\n\n\n<div class=\"wp-block-column has-background-color has-text-color has-link-color wp-elements-0bf3a653c97e336a10c066150a6f281c is-layout-flow wp-block-column-is-layout-flow\" style=\"border-width:2px;border-top-left-radius:23px;border-top-right-radius:23px;border-bottom-left-radius:23px;border-bottom-right-radius:23px;padding-top:var(--wp--preset--spacing--30);padding-right:var(--wp--preset--spacing--40);padding-bottom:var(--wp--preset--spacing--30);padding-left:var(--wp--preset--spacing--40)\">\n<h2 class=\"wp-block-heading has-text-align-center has-background-color has-text-color has-link-color wp-elements-8b9a5ed848a9077a1c370deb8d47f76d\">Une approche centr\u00e9e sur le client<\/h2>\n\n\n\n<p class=\"has-medium-font-size\">Pour accomplir cette mission, Informatek s\u2019engage \u00e0 :<\/p>\n\n\n\n<ul class=\"wp-block-list\">\n<li>Proposer des solutions sur mesure<\/li>\n\n\n\n<li>Offrir un accompagnement personnalis\u00e9<\/li>\n\n\n\n<li>Garantir une r\u00e9activit\u00e9 optimale<\/li>\n\n\n\n<li>Maintenir une relation transparente et durable<\/li>\n<\/ul>\n\n\n\n<p>La satisfaction client est au c\u0153ur de notre d\u00e9veloppement.<br>Nous privil\u00e9gions une relation de confiance construite sur l\u2019\u00e9coute et la performance.<\/p>\n<\/div>\n<\/div>\n<\/div>\n<\/div>\n<\/div>\n","protected":false},"excerpt":{"rendered":"<p>Construisons ensemble votre performance num\u00e9rique Informatek \u2013 L\u2019expertise technologique au service des entreprises Depuis sa cr\u00e9ation, Informatek met son savoir-faire au service des TPE, PME et ETI afin de simplifier, s\u00e9curiser et optimiser leur environnement informatique et documentaire.Dans un contexte o\u00f9 les entreprises fonctionnent de mani\u00e8re hybride \u2014 entre infrastructures locales, cloud, outils collaboratifs, documents [&hellip;]<\/p>\n","protected":false},"author":1,"featured_media":0,"parent":0,"menu_order":0,"comment_status":"closed","ping_status":"closed","template":"","meta":{"footnotes":""},"class_list":["post-28","page","type-page","status-publish","hentry"],"_links":{"self":[{"href":"https:\/\/informatek.fr\/index.php\/wp-json\/wp\/v2\/pages\/28","targetHints":{"allow":["GET"]}}],"collection":[{"href":"https:\/\/informatek.fr\/index.php\/wp-json\/wp\/v2\/pages"}],"about":[{"href":"https:\/\/informatek.fr\/index.php\/wp-json\/wp\/v2\/types\/page"}],"author":[{"embeddable":true,"href":"https:\/\/informatek.fr\/index.php\/wp-json\/wp\/v2\/users\/1"}],"replies":[{"embeddable":true,"href":"https:\/\/informatek.fr\/index.php\/wp-json\/wp\/v2\/comments?post=28"}],"version-history":[{"count":70,"href":"https:\/\/informatek.fr\/index.php\/wp-json\/wp\/v2\/pages\/28\/revisions"}],"predecessor-version":[{"id":200,"href":"https:\/\/informatek.fr\/index.php\/wp-json\/wp\/v2\/pages\/28\/revisions\/200"}],"wp:attachment":[{"href":"https:\/\/informatek.fr\/index.php\/wp-json\/wp\/v2\/media?parent=28"}],"curies":[{"name":"wp","href":"https:\/\/api.w.org\/{rel}","templated":true}]}}